{"id":5485,"date":"2025-12-02T20:38:30","date_gmt":"2025-12-02T20:38:30","guid":{"rendered":"https:\/\/animalcycles.com.ar\/?page_id=5485"},"modified":"2026-03-25T20:43:27","modified_gmt":"2026-03-25T20:43:27","slug":"contacto","status":"publish","type":"page","link":"https:\/\/animalcycles.com.ar\/en\/contacto\/","title":{"rendered":"Contacto"},"content":{"rendered":"\t\t<div data-elementor-type=\"wp-page\" data-elementor-id=\"5485\" class=\"elementor elementor-5485\">\n\t\t\t\t<div class=\"elementor-element elementor-element-24958d6 e-con-full qodef-elementor-content-grid e-flex e-con e-parent\" data-id=\"24958d6\" data-element_type=\"container\">\n\t\t\t\t<div class=\"elementor-element elementor-element-74fcaf2 elementor-widget elementor-widget-cyclecraft_core_google_map\" data-id=\"74fcaf2\" data-element_type=\"widget\" data-widget_type=\"cyclecraft_core_google_map.default\">\n\t\t\t\t<div class=\"elementor-widget-container\">\n\t\t\t\t\t<div class=\"qodef-shortcode qodef-m qodef-google-map\">\n\t<div class=\"qodef-m-map\" id=\"qodef-map-id--43\" data-addresses='[\"61 Russell square london wc1b 5bb Great Britain\"]' data-pin=https:\/\/animalcycles.com.ar\/wp-content\/uploads\/2025\/07\/pin-img.png data-unique-id=43 data-height=600px><\/div>\n<\/div>\n\t\t\t\t<\/div>\n\t\t\t\t<\/div>\n\t\t\t\t<\/div>\n\t\t<div class=\"elementor-element elementor-element-8b0cf0b e-con-full qodef-elementor-content-grid e-flex e-con e-parent\" data-id=\"8b0cf0b\" data-element_type=\"container\">\n\t\t<div class=\"elementor-element elementor-element-e32cb58 e-con-full e-flex e-con e-child\" data-id=\"e32cb58\" data-element_type=\"container\">\n\t\t<div class=\"elementor-element elementor-element-612deee e-con-full e-flex e-con e-child\" data-id=\"612deee\" data-element_type=\"container\">\n\t\t\t\t<div class=\"elementor-element elementor-element-749655a elementor-widget elementor-widget-cyclecraft_core_section_title\" data-id=\"749655a\" data-element_type=\"widget\" data-widget_type=\"cyclecraft_core_section_title.default\">\n\t\t\t\t<div class=\"elementor-widget-container\">\n\t\t\t\t\t<div class=\"qodef-shortcode qodef-m qodef-section-title qodef-alignment--left\">\n\t\t\t<h3 class=\"qodef-m-title\" >\n\t\t\t\t\tPonete en contacto \t\t\t<\/h3>\n\t\t<p class=\"qodef-m-text\" style=\"margin-top: 22px\">En Animal hablamos claro y respondemos r\u00e1pido. Si quer\u00e9s armar tu bike, agendar taller o simplemente charlar sobre ruedas, escribinos. Estamos para ayudarte a elegir tu pr\u00f3xima m\u00e1quina.<\/p>\n<\/div>\n\t\t\t\t<\/div>\n\t\t\t\t<\/div>\n\t\t\t\t<\/div>\n\t\t<div class=\"elementor-element elementor-element-b503a3e e-con-full e-flex e-con e-child\" data-id=\"b503a3e\" data-element_type=\"container\">\n\t\t\t\t<div class=\"elementor-element elementor-element-87babf4 elementor-widget elementor-widget-cyclecraft_core_icon_list_item\" data-id=\"87babf4\" data-element_type=\"widget\" data-widget_type=\"cyclecraft_core_icon_list_item.default\">\n\t\t\t\t<div class=\"elementor-widget-container\">\n\t\t\t\t\t<div class=\"qodef-icon-list-item qodef-icon--icon-pack\" >\n\t<p class=\"qodef-e-title\" >\n\t\t\t\t\t<a itemprop=\"url\" href=\"tel:+54%209%2011%206125-2655\" target=\"_self\">\n\t\t\t\t\t<span class=\"qodef-e-title-inner\">\n\t\t\t\t<span class=\"qodef-shortcode qodef-m qodef-icon-holder qodef-layout--square\"  style=\"margin: -2px 0px 0px 0px\">\t\t\t<span class=\"qodef-icon-font-awesome fa fa-phone qodef-icon qodef-e\" style=\"\" ><\/span>\t<\/span>\t\t\t\t<span class=\"qodef-e-title-text\" style=\"margin: 0px 0px 0px 11px\">+54 9 11 7121-8063 <\/span>\n\t\t\t<\/span>\n\t\t\t\t\t<\/a>\n\t\t\t<\/p>\n<\/div>\n\t\t\t\t<\/div>\n\t\t\t\t<\/div>\n\t\t\t\t<div class=\"elementor-element elementor-element-e131dfe elementor-widget elementor-widget-cyclecraft_core_icon_list_item\" data-id=\"e131dfe\" data-element_type=\"widget\" data-widget_type=\"cyclecraft_core_icon_list_item.default\">\n\t\t\t\t<div class=\"elementor-widget-container\">\n\t\t\t\t\t<div class=\"qodef-icon-list-item qodef-icon--icon-pack\" >\n\t<p class=\"qodef-e-title\" >\n\t\t\t\t\t<a itemprop=\"url\" href=\"mailto:info@animalcycles.com.ar\" target=\"_self\">\n\t\t\t\t\t<span class=\"qodef-e-title-inner\">\n\t\t\t\t<span class=\"qodef-shortcode qodef-m qodef-icon-holder qodef-layout--square\"  style=\"margin: -2px 0px 0px 0px\">\t\t\t<span class=\"qodef-icon-font-awesome fa fa-envelope-circle-check qodef-icon qodef-e\" style=\"\" ><\/span>\t<\/span>\t\t\t\t<span class=\"qodef-e-title-text\" style=\"margin: 0px 0px 0px 11px\">info@animalcycles.com.ar<\/span>\n\t\t\t<\/span>\n\t\t\t\t\t<\/a>\n\t\t\t<\/p>\n<\/div>\n\t\t\t\t<\/div>\n\t\t\t\t<\/div>\n\t\t\t\t<div class=\"elementor-element elementor-element-daac973 elementor-widget elementor-widget-cyclecraft_core_icon_list_item\" data-id=\"daac973\" data-element_type=\"widget\" data-widget_type=\"cyclecraft_core_icon_list_item.default\">\n\t\t\t\t<div class=\"elementor-widget-container\">\n\t\t\t\t\t<div class=\"qodef-icon-list-item qodef-icon--icon-pack\" >\n\t<p class=\"qodef-e-title\" >\n\t\t\t\t\t<a itemprop=\"url\" href=\"\" target=\"_blank\">\n\t\t\t\t\t<span class=\"qodef-e-title-inner\">\n\t\t\t\t<span class=\"qodef-shortcode qodef-m qodef-icon-holder qodef-layout--square\"  style=\"margin: -3px 0px 0px 0px\">\t\t\t<span class=\"qodef-icon-font-awesome fa fa-location-dot qodef-icon qodef-e\" style=\"\" ><\/span>\t<\/span>\t\t\t\t<span class=\"qodef-e-title-text\" style=\"margin: 0px 0px 0px 11px\">Av. Elcano 3638, Colegiales, CABA, Buenos Aires<\/span>\n\t\t\t<\/span>\n\t\t\t\t\t<\/a>\n\t\t\t<\/p>\n<\/div>\n\t\t\t\t<\/div>\n\t\t\t\t<\/div>\n\t\t\t\t<div class=\"elementor-element elementor-element-81a0522 elementor-widget__width-initial elementor-widget elementor-widget-cyclecraft_core_icon_list_item\" data-id=\"81a0522\" data-element_type=\"widget\" data-widget_type=\"cyclecraft_core_icon_list_item.default\">\n\t\t\t\t<div class=\"elementor-widget-container\">\n\t\t\t\t\t<div class=\"qodef-icon-list-item qodef-icon--icon-pack\" >\n\t<p class=\"qodef-e-title\" >\n\t\t\t\t\t<span class=\"qodef-e-title-inner\">\n\t\t\t\t<span class=\"qodef-shortcode qodef-m qodef-icon-holder qodef-layout--square\"  style=\"margin: -25px 0px 0px 0px\">\t\t\t<span class=\"qodef-icon-font-awesome fa fa-clock qodef-icon qodef-e\" style=\"\" ><\/span>\t<\/span>\t\t\t\t<span class=\"qodef-e-title-text\" style=\"margin: 0px 0px 0px 11px\">Martes a Viernes: 14:00 a 19:00 S\u00e1bados: 11:00 a 15:00 - Lunes, domingos y feriados: Cerrado.<\/span>\n\t\t\t<\/span>\n\t\t\t<\/p>\n<\/div>\n\t\t\t\t<\/div>\n\t\t\t\t<\/div>\n\t\t\t\t<\/div>\n\t\t\t\t<\/div>\n\t\t<div class=\"elementor-element elementor-element-cd449f4 e-con-full e-flex e-con e-child\" data-id=\"cd449f4\" data-element_type=\"container\">\n\t\t\t\t<div class=\"elementor-element elementor-element-916cbbe elementor-widget elementor-widget-wp-widget-cyclecraft_core_contact_form_7\" data-id=\"916cbbe\" data-element_type=\"widget\" data-widget_type=\"wp-widget-cyclecraft_core_contact_form_7.default\">\n\t\t\t\t<div class=\"elementor-widget-container\">\n\t\t\t\t\t\t\t\t<div class=\"qodef-contact-form-7 qodef-alignment--left\">\n\t\t\t\t\n<div class=\"wpcf7 no-js\" id=\"wpcf7-f3235-o1\" lang=\"en-US\" dir=\"ltr\" data-wpcf7-id=\"3235\">\n<div class=\"screen-reader-response\"><p role=\"status\" aria-live=\"polite\" aria-atomic=\"true\"><\/p> <ul><\/ul><\/div>\n<form action=\"\/en\/wp-json\/wp\/v2\/pages\/5485#wpcf7-f3235-o1\" method=\"post\" class=\"wpcf7-form init\" aria-label=\"Contact form\" novalidate=\"novalidate\" data-status=\"init\">\n<fieldset class=\"hidden-fields-container\"><input type=\"hidden\" name=\"_wpcf7\" value=\"3235\" \/><input type=\"hidden\" name=\"_wpcf7_version\" value=\"6.1.4\" \/><input type=\"hidden\" name=\"_wpcf7_locale\" value=\"en_US\" \/><input type=\"hidden\" name=\"_wpcf7_unit_tag\" value=\"wpcf7-f3235-o1\" \/><input type=\"hidden\" name=\"_wpcf7_container_post\" value=\"0\" \/><input type=\"hidden\" name=\"_wpcf7_posted_data_hash\" value=\"\" \/>\n<\/fieldset>\n<div class=\"qodef-contact-form\">\n\n<span class=\"wpcf7-form-control-wrap\" data-name=\"your-message\"><textarea cols=\"40\" rows=\"10\" maxlength=\"2000\" class=\"wpcf7-form-control wpcf7-textarea\" aria-invalid=\"false\" placeholder=\"Hablemos de tu Animal\" name=\"your-message\"><\/textarea><\/span>\n\n<div class=\"qodef-grid qodef-col-num--2 qodef-gutter--tiny qodef-responsive--custom qodef-col-num--880--1\">\n\n<div class=\"qodef-grid-inner\">\n\n<div class=\"qodef-grid-item\">\n\n<span class=\"wpcf7-form-control-wrap\" data-name=\"your-name\"><input size=\"40\" maxlength=\"400\" class=\"wpcf7-form-control wpcf7-text wpcf7-validates-as-required\" autocomplete=\"name\" aria-required=\"true\" aria-invalid=\"false\" placeholder=\"Nombre\" value=\"\" type=\"text\" name=\"your-name\" \/><\/span>\n\n<\/div>\n\n<div class=\"qodef-grid-item\">\n\n<span class=\"wpcf7-form-control-wrap\" data-name=\"your-email\"><input size=\"40\" maxlength=\"400\" class=\"wpcf7-form-control wpcf7-email wpcf7-validates-as-required wpcf7-text wpcf7-validates-as-email\" autocomplete=\"email\" aria-required=\"true\" aria-invalid=\"false\" placeholder=\"Email\" value=\"\" type=\"email\" name=\"your-email\" \/><\/span>\n\n<\/div>\n\n<\/div>\n\n<\/div>\n\n\n \n<button class=\"wpcf7-form-control wpcf7-submit qodef-button qodef-size--normal qodef-layout--filled qodef-m\" type=\"submit\"><span class=\"qodef-m-text\" data-title=\"Enviar\">Enviar<\/span><\/button>\n\n<\/div><div class=\"wpcf7-response-output\" aria-hidden=\"true\"><\/div>\n<\/form>\n<\/div>\n\t\t\t<\/div>\n\t\t\t\t\t\t\t<\/div>\n\t\t\t\t<\/div>\n\t\t\t\t<\/div>\n\t\t\t\t<\/div>\n\t\t\t\t<\/div>\n\t\t","protected":false},"excerpt":{"rendered":"<p>Ponete en contacto En Animal hablamos claro y respondemos r\u00e1pido. Si quer\u00e9s armar tu bike, agendar taller o simplemente charlar sobre ruedas, escribinos. Estamos para ayudarte a elegir tu pr\u00f3xima m\u00e1quina. +54 9 11 7121-8063 info@animalcycles.com.ar Av. Elcano 3638, Colegiales, CABA, Buenos Aires Martes a Viernes: 14:00 a 19:00 S\u00e1bados: 11:00 a 15:00 &#8211; Lunes, [&hellip;]<\/p>\n","protected":false},"author":1,"featured_media":0,"parent":0,"menu_order":0,"comment_status":"closed","ping_status":"closed","template":"page-full-width.php","meta":{"_joinchat":[],"footnotes":""},"class_list":["post-5485","page","type-page","status-publish","hentry"],"_links":{"self":[{"href":"https:\/\/animalcycles.com.ar\/en\/wp-json\/wp\/v2\/pages\/5485","targetHints":{"allow":["GET"]}}],"collection":[{"href":"https:\/\/animalcycles.com.ar\/en\/wp-json\/wp\/v2\/pages"}],"about":[{"href":"https:\/\/animalcycles.com.ar\/en\/wp-json\/wp\/v2\/types\/page"}],"author":[{"embeddable":true,"href":"https:\/\/animalcycles.com.ar\/en\/wp-json\/wp\/v2\/users\/1"}],"replies":[{"embeddable":true,"href":"https:\/\/animalcycles.com.ar\/en\/wp-json\/wp\/v2\/comments?post=5485"}],"version-history":[{"count":13,"href":"https:\/\/animalcycles.com.ar\/en\/wp-json\/wp\/v2\/pages\/5485\/revisions"}],"predecessor-version":[{"id":6246,"href":"https:\/\/animalcycles.com.ar\/en\/wp-json\/wp\/v2\/pages\/5485\/revisions\/6246"}],"wp:attachment":[{"href":"https:\/\/animalcycles.com.ar\/en\/wp-json\/wp\/v2\/media?parent=5485"}],"curies":[{"name":"wp","href":"https:\/\/api.w.org\/{rel}","templated":true}]}}