{"id":5961,"date":"2026-01-14T13:54:43","date_gmt":"2026-01-14T13:54:43","guid":{"rendered":"https:\/\/animalcycles.com.ar\/?page_id=5961"},"modified":"2026-01-22T16:06:50","modified_gmt":"2026-01-22T16:06:50","slug":"preguntas-frecuentes","status":"publish","type":"page","link":"https:\/\/animalcycles.com.ar\/en\/preguntas-frecuentes\/","title":{"rendered":"Preguntas Frecuentes"},"content":{"rendered":"<div data-elementor-type=\"wp-page\" data-elementor-id=\"5961\" class=\"elementor elementor-5961\">\n\t\t\t\t<div class=\"elementor-element elementor-element-289fa39 e-con-full e-flex e-con e-parent\" data-id=\"289fa39\" data-element_type=\"container\">\n\t\t\t\t<div class=\"elementor-element elementor-element-ce9942b elementor-widget elementor-widget-image\" data-id=\"ce9942b\" data-element_type=\"widget\" data-widget_type=\"image.default\">\n\t\t\t\t\t\t\t\t\t\t\t\t\t\t\t<img fetchpriority=\"high\" decoding=\"async\" width=\"1920\" height=\"550\" src=\"https:\/\/animalcycles.com.ar\/wp-content\/uploads\/2026\/01\/ABC_1427-editada.jpg\" class=\"attachment-full size-full wp-image-6212\" alt=\"\" srcset=\"https:\/\/animalcycles.com.ar\/wp-content\/uploads\/2026\/01\/ABC_1427-editada.jpg 1920w, https:\/\/animalcycles.com.ar\/wp-content\/uploads\/2026\/01\/ABC_1427-editada-300x86.jpg 300w, https:\/\/animalcycles.com.ar\/wp-content\/uploads\/2026\/01\/ABC_1427-editada-1024x293.jpg 1024w, https:\/\/animalcycles.com.ar\/wp-content\/uploads\/2026\/01\/ABC_1427-editada-768x220.jpg 768w, https:\/\/animalcycles.com.ar\/wp-content\/uploads\/2026\/01\/ABC_1427-editada-1536x440.jpg 1536w, https:\/\/animalcycles.com.ar\/wp-content\/uploads\/2026\/01\/ABC_1427-editada-18x5.jpg 18w, https:\/\/animalcycles.com.ar\/wp-content\/uploads\/2026\/01\/ABC_1427-editada-600x172.jpg 600w\" sizes=\"(max-width: 1920px) 100vw, 1920px\" \/>\t\t\t\t\t\t\t\t\t\t\t\t\t\t\t<\/div>\n\t\t\t\t<\/div>\n\t\t<div class=\"elementor-element elementor-element-2b2c0f1 e-con-full e-flex e-con e-parent\" data-id=\"2b2c0f1\" data-element_type=\"container\">\n\t\t\t\t<div class=\"elementor-element elementor-element-cdbb981 elementor-widget elementor-widget-qi_addons_for_elementor_section_title\" data-id=\"cdbb981\" data-element_type=\"widget\" data-widget_type=\"qi_addons_for_elementor_section_title.default\">\n\t\t\t\t<div class=\"elementor-widget-container\">\n\t\t\t\t\t<div class=\"qodef-shortcode qodef-m qodef-qi-section-title qodef-decoration--italic qodef-link--underline-draw qodef-subtitle-icon--left\">\n\t\t\t\t\t\t<h2 class=\"qodef-m-title\">\n\t\tPreguntas Frecuentes\t<\/h2>\n\t\t\t<div class=\"qodef-m-text\"><p>Sabemos que al elegir tu Animal pueden surgir dudas sobre qu\u00e9 modelo te conviene, el proceso de compra, el mantenimiento y mucho m\u00e1s. Si no encontr\u00e1s la info que est\u00e1s buscando, podes escribirnos a nuestro WhatsApp.<\/p><\/div>\n\t<\/div>\n\t\t\t\t<\/div>\n\t\t\t\t<\/div>\n\t\t\t\t<\/div>\n\t\t<div class=\"elementor-element elementor-element-5515071 e-con-full e-flex e-con e-parent\" data-id=\"5515071\" data-element_type=\"container\">\n\t\t\t\t<div class=\"elementor-element elementor-element-8c8bb6f elementor-widget elementor-widget-cyclecraft_core_accordion\" data-id=\"8c8bb6f\" data-element_type=\"widget\" data-widget_type=\"cyclecraft_core_accordion.default\">\n\t\t\t\t<div class=\"elementor-widget-container\">\n\t\t\t\t\t<div class=\"qodef-shortcode qodef-m qodef-accordion clear qodef-behavior--toggle qodef-layout--simple\">\n\t<h4 class=\"qodef-accordion-title\">\n\t<span class=\"qodef-tab-title\">\u00bfC\u00f3mo realizo una compra?<\/span>\n\t<span class=\"qodef-accordion-mark\">\n\t\t<span class=\"qodef-icon--plus\"><svg class=\"qodef-svg--accordion-plus\" xmlns=\"http:\/\/www.w3.org\/2000\/svg\" width=\"12\" height=\"12\" viewbox=\"0 0 12 12\" fill=\"currentColor\"><g transform=\"translate(-1171 -264)\"><rect width=\"12\" height=\"2\" rx=\"1\" transform=\"translate(1171 269)\"\/><rect width=\"12\" height=\"2\" rx=\"1\" transform=\"translate(1178 264) rotate(90)\"\/><\/g><\/svg><\/span>\n\t\t<span class=\"qodef-icon--minus\"><svg class=\"qodef-svg--accordion-minus\" xmlns=\"http:\/\/www.w3.org\/2000\/svg\" width=\"12\" height=\"2\" viewbox=\"0 0 12 2\" fill=\"currentColor\"><g transform=\"translate(-1171 -269)\"><rect width=\"12\" height=\"2\" rx=\"1\" transform=\"translate(1171 269)\"\/><\/g><\/svg><\/span>\n\t<\/span>\n<\/h4>\n<div class=\"qodef-accordion-content\">\n\t<div class=\"qodef-accordion-content-inner\">\n\t\t<p>Pod\u00e9s comprar tu bike Animal de la forma que te quede m\u00e1s c\u00f3moda: a trav\u00e9s de nuestra web, por WhatsApp, por redes sociales o de manera presencial en nuestro local de Colegiales. Te acompa\u00f1amos en todo el proceso.<\/p>\t<\/div>\n<\/div>\n<h4 class=\"qodef-accordion-title\">\n\t<span class=\"qodef-tab-title\">\u00bfCon qu\u00e9 medios de pago puedo realizar mi compra?<\/span>\n\t<span class=\"qodef-accordion-mark\">\n\t\t<span class=\"qodef-icon--plus\"><svg class=\"qodef-svg--accordion-plus\" xmlns=\"http:\/\/www.w3.org\/2000\/svg\" width=\"12\" height=\"12\" viewbox=\"0 0 12 12\" fill=\"currentColor\"><g transform=\"translate(-1171 -264)\"><rect width=\"12\" height=\"2\" rx=\"1\" transform=\"translate(1171 269)\"\/><rect width=\"12\" height=\"2\" rx=\"1\" transform=\"translate(1178 264) rotate(90)\"\/><\/g><\/svg><\/span>\n\t\t<span class=\"qodef-icon--minus\"><svg class=\"qodef-svg--accordion-minus\" xmlns=\"http:\/\/www.w3.org\/2000\/svg\" width=\"12\" height=\"2\" viewbox=\"0 0 12 2\" fill=\"currentColor\"><g transform=\"translate(-1171 -269)\"><rect width=\"12\" height=\"2\" rx=\"1\" transform=\"translate(1171 269)\"\/><\/g><\/svg><\/span>\n\t<\/span>\n<\/h4>\n<div class=\"qodef-accordion-content\">\n\t<div class=\"qodef-accordion-content-inner\">\n\t\t<p data-start=\"444\" data-end=\"545\">Aceptamos los siguientes medios de pago:<\/p><ul data-start=\"546\" data-end=\"630\"><li data-start=\"546\" data-end=\"568\">Tarjeta de cr\u00e9dito<\/li><li data-start=\"569\" data-end=\"590\">Tarjeta de d\u00e9bito<\/li><li data-start=\"591\" data-end=\"617\">Transferencia bancaria<\/li><li data-start=\"618\" data-end=\"630\">Efectivo<\/li><\/ul>\t<\/div>\n<\/div>\n<h4 class=\"qodef-accordion-title\">\n\t<span class=\"qodef-tab-title\">\u00bfLas bikes Animal tienen garant\u00eda?<\/span>\n\t<span class=\"qodef-accordion-mark\">\n\t\t<span class=\"qodef-icon--plus\"><svg class=\"qodef-svg--accordion-plus\" xmlns=\"http:\/\/www.w3.org\/2000\/svg\" width=\"12\" height=\"12\" viewbox=\"0 0 12 12\" fill=\"currentColor\"><g transform=\"translate(-1171 -264)\"><rect width=\"12\" height=\"2\" rx=\"1\" transform=\"translate(1171 269)\"\/><rect width=\"12\" height=\"2\" rx=\"1\" transform=\"translate(1178 264) rotate(90)\"\/><\/g><\/svg><\/span>\n\t\t<span class=\"qodef-icon--minus\"><svg class=\"qodef-svg--accordion-minus\" xmlns=\"http:\/\/www.w3.org\/2000\/svg\" width=\"12\" height=\"2\" viewbox=\"0 0 12 2\" fill=\"currentColor\"><g transform=\"translate(-1171 -269)\"><rect width=\"12\" height=\"2\" rx=\"1\" transform=\"translate(1171 269)\"\/><\/g><\/svg><\/span>\n\t<\/span>\n<\/h4>\n<div class=\"qodef-accordion-content\">\n\t<div class=\"qodef-accordion-content-inner\">\n\t\t<p>S\u00ed. Los cuadros cuentan con <strong data-start=\"704\" data-end=\"726\">5 a\u00f1os de garant\u00eda<\/strong>, siempre que la bicicleta haya sido armada por una tienda oficial Animal.<br data-start=\"800\" data-end=\"803\" \/>Ante una falla del cuadro, la empresa podr\u00e1 repararlo o reemplazarlo por uno de similares caracter\u00edsticas. La garant\u00eda no se extiende luego de una reparaci\u00f3n o reemplazo.<\/p><p>Adem\u00e1s, los componentes de la bicicleta cuentan con <strong data-start=\"1029\" data-end=\"1078\">1 a\u00f1o de garant\u00eda por defectos de fabricaci\u00f3n<\/strong>.<br data-start=\"1079\" data-end=\"1082\" \/>La garant\u00eda no aplica en casos de uso indebido, modificaciones no autorizadas, desgaste normal o reparaciones realizadas por personal no autorizado.<\/p>\t<\/div>\n<\/div>\n<h4 class=\"qodef-accordion-title\">\n\t<span class=\"qodef-tab-title\">\u00bfHacen factura tipo A?<\/span>\n\t<span class=\"qodef-accordion-mark\">\n\t\t<span class=\"qodef-icon--plus\"><svg class=\"qodef-svg--accordion-plus\" xmlns=\"http:\/\/www.w3.org\/2000\/svg\" width=\"12\" height=\"12\" viewbox=\"0 0 12 12\" fill=\"currentColor\"><g transform=\"translate(-1171 -264)\"><rect width=\"12\" height=\"2\" rx=\"1\" transform=\"translate(1171 269)\"\/><rect width=\"12\" height=\"2\" rx=\"1\" transform=\"translate(1178 264) rotate(90)\"\/><\/g><\/svg><\/span>\n\t\t<span class=\"qodef-icon--minus\"><svg class=\"qodef-svg--accordion-minus\" xmlns=\"http:\/\/www.w3.org\/2000\/svg\" width=\"12\" height=\"2\" viewbox=\"0 0 12 2\" fill=\"currentColor\"><g transform=\"translate(-1171 -269)\"><rect width=\"12\" height=\"2\" rx=\"1\" transform=\"translate(1171 269)\"\/><\/g><\/svg><\/span>\n\t<\/span>\n<\/h4>\n<div class=\"qodef-accordion-content\">\n\t<div class=\"qodef-accordion-content-inner\">\n\t\t<p>S\u00ed, realizamos factura tipo A. Si la necesit\u00e1s, escribinos por WhatsApp con tus datos fiscales y la constancia de CUIT de ARCA.<\/p>\t<\/div>\n<\/div>\n<h4 class=\"qodef-accordion-title\">\n\t<span class=\"qodef-tab-title\">\u00bfPuedo elegir el color de mi bike?<\/span>\n\t<span class=\"qodef-accordion-mark\">\n\t\t<span class=\"qodef-icon--plus\"><svg class=\"qodef-svg--accordion-plus\" xmlns=\"http:\/\/www.w3.org\/2000\/svg\" width=\"12\" height=\"12\" viewbox=\"0 0 12 12\" fill=\"currentColor\"><g transform=\"translate(-1171 -264)\"><rect width=\"12\" height=\"2\" rx=\"1\" transform=\"translate(1171 269)\"\/><rect width=\"12\" height=\"2\" rx=\"1\" transform=\"translate(1178 264) rotate(90)\"\/><\/g><\/svg><\/span>\n\t\t<span class=\"qodef-icon--minus\"><svg class=\"qodef-svg--accordion-minus\" xmlns=\"http:\/\/www.w3.org\/2000\/svg\" width=\"12\" height=\"2\" viewbox=\"0 0 12 2\" fill=\"currentColor\"><g transform=\"translate(-1171 -269)\"><rect width=\"12\" height=\"2\" rx=\"1\" transform=\"translate(1171 269)\"\/><\/g><\/svg><\/span>\n\t<\/span>\n<\/h4>\n<div class=\"qodef-accordion-content\">\n\t<div class=\"qodef-accordion-content-inner\">\n\t\t<p>S\u00ed. En Animal vas a encontrar una de las mayores variedades de colores del mercado.<br data-start=\"1520\" data-end=\"1523\" \/>Pod\u00e9s elegir tambi\u00e9n la terminaci\u00f3n de la pintura: <strong data-start=\"1574\" data-end=\"1625\">mate, brillante, nacarada, perlada o metalizada<\/strong>.<br data-start=\"1626\" data-end=\"1629\" \/>Adem\u00e1s, contamos con un equipo de desarrollo que puede crear colores y dise\u00f1os exclusivos, pensados solo para vos.<\/p>\t<\/div>\n<\/div>\n<h4 class=\"qodef-accordion-title\">\n\t<span class=\"qodef-tab-title\">\u00bfHacen bicicletas personalizadas?<\/span>\n\t<span class=\"qodef-accordion-mark\">\n\t\t<span class=\"qodef-icon--plus\"><svg class=\"qodef-svg--accordion-plus\" xmlns=\"http:\/\/www.w3.org\/2000\/svg\" width=\"12\" height=\"12\" viewbox=\"0 0 12 12\" fill=\"currentColor\"><g transform=\"translate(-1171 -264)\"><rect width=\"12\" height=\"2\" rx=\"1\" transform=\"translate(1171 269)\"\/><rect width=\"12\" height=\"2\" rx=\"1\" transform=\"translate(1178 264) rotate(90)\"\/><\/g><\/svg><\/span>\n\t\t<span class=\"qodef-icon--minus\"><svg class=\"qodef-svg--accordion-minus\" xmlns=\"http:\/\/www.w3.org\/2000\/svg\" width=\"12\" height=\"2\" viewbox=\"0 0 12 2\" fill=\"currentColor\"><g transform=\"translate(-1171 -269)\"><rect width=\"12\" height=\"2\" rx=\"1\" transform=\"translate(1171 269)\"\/><\/g><\/svg><\/span>\n\t<\/span>\n<\/h4>\n<div class=\"qodef-accordion-content\">\n\t<div class=\"qodef-accordion-content-inner\">\n\t\t<p>S\u00ed. En Animal <strong data-start=\"1802\" data-end=\"1840\">todas las bikes son personalizadas<\/strong>. Dise\u00f1amos cada bicicleta cuidando cada detalle para que sea \u00fanica y refleje tu estilo.<\/p>\t<\/div>\n<\/div>\n<h4 class=\"qodef-accordion-title\">\n\t<span class=\"qodef-tab-title\">\u00bfRealizan env\u00edos?<\/span>\n\t<span class=\"qodef-accordion-mark\">\n\t\t<span class=\"qodef-icon--plus\"><svg class=\"qodef-svg--accordion-plus\" xmlns=\"http:\/\/www.w3.org\/2000\/svg\" width=\"12\" height=\"12\" viewbox=\"0 0 12 12\" fill=\"currentColor\"><g transform=\"translate(-1171 -264)\"><rect width=\"12\" height=\"2\" rx=\"1\" transform=\"translate(1171 269)\"\/><rect width=\"12\" height=\"2\" rx=\"1\" transform=\"translate(1178 264) rotate(90)\"\/><\/g><\/svg><\/span>\n\t\t<span class=\"qodef-icon--minus\"><svg class=\"qodef-svg--accordion-minus\" xmlns=\"http:\/\/www.w3.org\/2000\/svg\" width=\"12\" height=\"2\" viewbox=\"0 0 12 2\" fill=\"currentColor\"><g transform=\"translate(-1171 -269)\"><rect width=\"12\" height=\"2\" rx=\"1\" transform=\"translate(1171 269)\"\/><\/g><\/svg><\/span>\n\t<\/span>\n<\/h4>\n<div class=\"qodef-accordion-content\">\n\t<div class=\"qodef-accordion-content-inner\">\n\t\t<p>S\u00ed, hacemos env\u00edos a todo el pa\u00eds. Pod\u00e9s elegir tu transportista de confianza o enviarla a trav\u00e9s de <strong data-start=\"2058\" data-end=\"2077\">OCA o V\u00eda Cargo<\/strong>.<\/p>\t<\/div>\n<\/div>\n<\/div>\n\t\t\t\t<\/div>\n\t\t\t\t<\/div>\n\t\t\t\t<\/div>\n\t\t\t\t<\/div>","protected":false},"excerpt":{"rendered":"<p>Preguntas Frecuentes Sabemos que al elegir tu Animal pueden surgir dudas sobre qu\u00e9 modelo te conviene, el proceso de compra, el mantenimiento y mucho m\u00e1s. Si no encontr\u00e1s la info que est\u00e1s buscando, podes escribirnos a nuestro WhatsApp. \u00bfC\u00f3mo realizo una compra? Pod\u00e9s comprar tu bike Animal de la forma que te quede m\u00e1s c\u00f3moda: [&hellip;]<\/p>\n","protected":false},"author":1,"featured_media":0,"parent":0,"menu_order":0,"comment_status":"closed","ping_status":"closed","template":"","meta":{"_joinchat":[],"footnotes":""},"class_list":["post-5961","page","type-page","status-publish","hentry"],"_links":{"self":[{"href":"https:\/\/animalcycles.com.ar\/en\/wp-json\/wp\/v2\/pages\/5961","targetHints":{"allow":["GET"]}}],"collection":[{"href":"https:\/\/animalcycles.com.ar\/en\/wp-json\/wp\/v2\/pages"}],"about":[{"href":"https:\/\/animalcycles.com.ar\/en\/wp-json\/wp\/v2\/types\/page"}],"author":[{"embeddable":true,"href":"https:\/\/animalcycles.com.ar\/en\/wp-json\/wp\/v2\/users\/1"}],"replies":[{"embeddable":true,"href":"https:\/\/animalcycles.com.ar\/en\/wp-json\/wp\/v2\/comments?post=5961"}],"version-history":[{"count":32,"href":"https:\/\/animalcycles.com.ar\/en\/wp-json\/wp\/v2\/pages\/5961\/revisions"}],"predecessor-version":[{"id":6223,"href":"https:\/\/animalcycles.com.ar\/en\/wp-json\/wp\/v2\/pages\/5961\/revisions\/6223"}],"wp:attachment":[{"href":"https:\/\/animalcycles.com.ar\/en\/wp-json\/wp\/v2\/media?parent=5961"}],"curies":[{"name":"wp","href":"https:\/\/api.w.org\/{rel}","templated":true}]}}