{"id":613,"date":"2026-01-14T12:01:34","date_gmt":"2026-01-14T12:01:34","guid":{"rendered":"https:\/\/cyclecraft.qodeinteractive.com\/?post_type=product&#038;p=613"},"modified":"2026-01-21T21:05:44","modified_gmt":"2026-01-21T21:05:44","slug":"strong-rhino-gravel-18v-aluminio","status":"publish","type":"product","link":"https:\/\/animalcycles.com.ar\/en\/product\/strong-rhino-gravel-18v-aluminio\/","title":{"rendered":"STRONG RHINO &#8211; 18V ALUMINIO"},"content":{"rendered":"<p><span style=\"font-weight: 400;\">STRONG RHINO \ud83e\udd8f GRAVEL 18V\u00a0 ALUMINIO<\/span><\/p>\n<p><span style=\"font-weight: 400;\">-Cuadro y horquilla de aluminio<\/span><\/p>\n<p><span style=\"font-weight: 400;\">-Llantas doble pared aluminio<\/span><\/p>\n<p><span style=\"font-weight: 400;\">-Mazas a cassette a rulemanes<\/span><\/p>\n<p><span style=\"font-weight: 400;\">-Caja pedalera Hollowtech hueca<\/span><\/p>\n<p><span style=\"font-weight: 400;\">-Grupo trasmisi\u00f3n SHIMANO<\/span><\/p>\n<p><span style=\"font-weight: 400;\">-Pata de cambios 9v Sora<\/span><\/p>\n<p><span style=\"font-weight: 400;\">-Pi\u00f1on cassette 9v Sora<\/span><\/p>\n<p><span style=\"font-weight: 400;\">-Manijas ergo power Shimano Sora<\/span><\/p>\n<p><span style=\"font-weight: 400;\">-Plato palanca doble<\/span><\/p>\n<p><span style=\"font-weight: 400;\">-Descarrilador Shimano Sora<\/span><\/p>\n<p><span style=\"font-weight: 400;\">-Frenos a disco mec\u00e1nicos<\/span><\/p>\n<p><span style=\"font-weight: 400;\">&#8211; Personalizadas<\/span><\/p>\n<p><b>Adicionales ( opcionales)\u00a0<\/b><\/p>\n<p><span style=\"font-weight: 400;\">&#8211; Llantas triple pared<\/span><\/p>\n<p><span style=\"font-weight: 400;\">&#8211; Freno hidr\u00e1ulico\u00a0<\/span><\/p>\n<p>&nbsp;<\/p>","protected":false},"excerpt":{"rendered":"<p>R\u00e1pida, s\u00f3lida y preparada para bancarse kil\u00f3metros. Cuadro y horquilla de aluminio, transmisi\u00f3n Shimano de 18 velocidades y frenos a disco para moverte fuerte en ciudad, ruta o caminos mixtos. Una gravel vers\u00e1til, personalizable y hecha para rodar sin excusas.<\/p>","protected":false},"featured_media":6148,"template":"","meta":{"_joinchat":[]},"product_brand":[119],"product_cat":[139,145,140],"product_tag":[184,156,193,188,192,187,183,191,186,185,190,189],"class_list":{"0":"post-613","1":"product","2":"type-product","3":"status-publish","4":"has-post-thumbnail","6":"product_brand-shimano","7":"product_cat-gravel","8":"product_cat-gravel-18v-aluminio","9":"product_cat-strong-rinho","10":"product_tag-18v","11":"product_tag-aluminio","12":"product_tag-animal-cycles","13":"product_tag-bike-personalizada","14":"product_tag-cuadro-de-aluminio","15":"product_tag-freno-a-disco-mecanico","16":"product_tag-gravel-bike","17":"product_tag-rutas-y-caminos","18":"product_tag-shimano-sora","19":"product_tag-transmision-shimano","20":"product_tag-uso-mixto","21":"product_tag-uso-urbano","23":"first","24":"instock","25":"shipping-taxable","26":"purchasable","27":"product-type-simple"},"_links":{"self":[{"href":"https:\/\/animalcycles.com.ar\/en\/wp-json\/wp\/v2\/product\/613","targetHints":{"allow":["GET"]}}],"collection":[{"href":"https:\/\/animalcycles.com.ar\/en\/wp-json\/wp\/v2\/product"}],"about":[{"href":"https:\/\/animalcycles.com.ar\/en\/wp-json\/wp\/v2\/types\/product"}],"wp:featuredmedia":[{"embeddable":true,"href":"https:\/\/animalcycles.com.ar\/en\/wp-json\/wp\/v2\/media\/6148"}],"wp:attachment":[{"href":"https:\/\/animalcycles.com.ar\/en\/wp-json\/wp\/v2\/media?parent=613"}],"wp:term":[{"taxonomy":"product_brand","embeddable":true,"href":"https:\/\/animalcycles.com.ar\/en\/wp-json\/wp\/v2\/product_brand?post=613"},{"taxonomy":"product_cat","embeddable":true,"href":"https:\/\/animalcycles.com.ar\/en\/wp-json\/wp\/v2\/product_cat?post=613"},{"taxonomy":"product_tag","embeddable":true,"href":"https:\/\/animalcycles.com.ar\/en\/wp-json\/wp\/v2\/product_tag?post=613"}],"curies":[{"name":"wp","href":"https:\/\/api.w.org\/{rel}","templated":true}]}}